{"id":159,"date":"2021-07-16T18:39:56","date_gmt":"2021-07-16T16:39:56","guid":{"rendered":"https:\/\/www.label-blouse.net\/blog\/?page_id=159"},"modified":"2021-07-21T13:48:54","modified_gmt":"2021-07-21T11:48:54","slug":"a-propos","status":"publish","type":"page","link":"https:\/\/www.label-blouse.net\/blog\/a-propos\/","title":{"rendered":"A propos"},"content":{"rendered":"<p>Depuis 30 ans, Label Blouse est sp\u00e9cialiste du v\u00eatement de travail, pour les particuliers et les professionnels.<\/p>\n<p>Quel que soit votre domaine d\u2019activit\u00e9, vous trouverez la bonne tenue de travail parmi nos 33 000 r\u00e9f\u00e9rences produits. De la <a href=\"https:\/\/www.label-blouse.net\/blouse-et-tenue-medicale-403\/\">blouse m\u00e9dicale<\/a> au <a href=\"https:\/\/www.label-blouse.net\/tablier-de-cuisine-525\/\">tablier de cuisine<\/a>, en passant par la <a href=\"https:\/\/www.label-blouse.net\/veste-de-travail-610\/\">veste<\/a> et le <a href=\"https:\/\/www.label-blouse.net\/pantalon-de-travail-448\/\">pantalon<\/a> de travail, votre \u00e9quipement est disponible chez Label Blouse. Les 3 500 m2 de notre plateforme logistique disposent de plus de 100 000 pi\u00e8ces en stock, pour des exp\u00e9ditions toujours plus rapides.<\/p>\n<p>Nous apportons un grand soin au choix et \u00e0 la qualit\u00e9 de nos tissus, toujours adapt\u00e9s aux environnements de travail des v\u00eatements propos\u00e9s. Sans minimum de commande, vous avez la possibilit\u00e9 de <a href=\"https:\/\/www.label-blouse.net\/formulaire-devis?\">demander un devis<\/a> en quelques clics, et profiter de nos prix bas sur l\u2019ensemble de nos gammes.<\/p>\n<p>Parce que votre v\u00eatement de travail vous accompagne au quotidien, optez pour la <a href=\"https:\/\/www.label-blouse.net\/vetement-de-travail-personnalise-599\/\">personnalisation<\/a>! Notre atelier de l&rsquo;agglom\u00e9ration lilloise assure le flocage ou la broderie de votre logo ou slogan sur vos articles.<\/p>\n","protected":false},"excerpt":{"rendered":"<p>Depuis 30 ans, Label Blouse est sp\u00e9cialiste du v\u00eatement de travail, pour les particuliers et les professionnels. Quel que soit votre domaine d\u2019activit\u00e9, vous trouverez la bonne tenue de travail parmi nos 33 000 r\u00e9f\u00e9rences produits. De la blouse m\u00e9dicale au tablier de cuisine, en passant par la veste et le pantalon de travail, votre &#8230; <a title=\"A propos\" class=\"read-more\" href=\"https:\/\/www.label-blouse.net\/blog\/a-propos\/\" aria-label=\"Plus sur A propos\">Lire plus<\/a><\/p>\n","protected":false},"author":1,"featured_media":0,"parent":0,"menu_order":0,"comment_status":"closed","ping_status":"closed","template":"","meta":{"footnotes":""},"class_list":["post-159","page","type-page","status-publish","hentry"],"yoast_head":"<!-- This site is optimized with the Yoast SEO plugin v27.6 - https:\/\/yoast.com\/product\/yoast-seo-wordpress\/ -->\n<title>A propos - Le Blog Label Blouse<\/title>\n<meta name=\"description\" content=\"Label Blouse, sp\u00e9cialiste du v\u00eatement de travail pour particuliers et professionnels depuis 1991. Broderie made in France, tarif d\u00e9gressif.\" \/>\n<meta name=\"robots\" content=\"index, follow, max-snippet:-1, max-image-preview:large, max-video-preview:-1\" \/>\n<link rel=\"canonical\" href=\"https:\/\/www.label-blouse.net\/blog\/a-propos\/\" \/>\n<meta property=\"og:locale\" content=\"fr_FR\" \/>\n<meta property=\"og:type\" content=\"article\" \/>\n<meta property=\"og:title\" content=\"A propos - Le Blog Label Blouse\" \/>\n<meta property=\"og:description\" content=\"Label Blouse, sp\u00e9cialiste du v\u00eatement de travail pour particuliers et professionnels depuis 1991. Broderie made in France, tarif d\u00e9gressif.\" \/>\n<meta property=\"og:url\" content=\"https:\/\/www.label-blouse.net\/blog\/a-propos\/\" \/>\n<meta property=\"og:site_name\" content=\"Le Blog Label Blouse\" \/>\n<meta property=\"article:modified_time\" content=\"2021-07-21T11:48:54+00:00\" \/>\n<meta name=\"twitter:card\" content=\"summary_large_image\" \/>\n<meta name=\"twitter:label1\" content=\"Dur\u00e9e de lecture estim\u00e9e\" \/>\n\t<meta name=\"twitter:data1\" content=\"1 minute\" \/>\n<script type=\"application\/ld+json\" class=\"yoast-schema-graph\">{\"@context\":\"https:\\\/\\\/schema.org\",\"@graph\":[{\"@type\":\"WebPage\",\"@id\":\"https:\\\/\\\/www.label-blouse.net\\\/blog\\\/a-propos\\\/\",\"url\":\"https:\\\/\\\/www.label-blouse.net\\\/blog\\\/a-propos\\\/\",\"name\":\"A propos - Le Blog Label Blouse\",\"isPartOf\":{\"@id\":\"https:\\\/\\\/www.label-blouse.net\\\/blog\\\/#website\"},\"datePublished\":\"2021-07-16T16:39:56+00:00\",\"dateModified\":\"2021-07-21T11:48:54+00:00\",\"description\":\"Label Blouse, sp\u00e9cialiste du v\u00eatement de travail pour particuliers et professionnels depuis 1991. Broderie made in France, tarif d\u00e9gressif.\",\"breadcrumb\":{\"@id\":\"https:\\\/\\\/www.label-blouse.net\\\/blog\\\/a-propos\\\/#breadcrumb\"},\"inLanguage\":\"fr-FR\",\"potentialAction\":[{\"@type\":\"ReadAction\",\"target\":[\"https:\\\/\\\/www.label-blouse.net\\\/blog\\\/a-propos\\\/\"]}]},{\"@type\":\"BreadcrumbList\",\"@id\":\"https:\\\/\\\/www.label-blouse.net\\\/blog\\\/a-propos\\\/#breadcrumb\",\"itemListElement\":[{\"@type\":\"ListItem\",\"position\":1,\"name\":\"Accueil\",\"item\":\"https:\\\/\\\/www.label-blouse.net\\\/blog\\\/\"},{\"@type\":\"ListItem\",\"position\":2,\"name\":\"A propos\"}]},{\"@type\":\"WebSite\",\"@id\":\"https:\\\/\\\/www.label-blouse.net\\\/blog\\\/#website\",\"url\":\"https:\\\/\\\/www.label-blouse.net\\\/blog\\\/\",\"name\":\"Le Blog Label Blouse\",\"description\":\"Des v\u00eatements de professionnel, pour les professionnels\",\"publisher\":{\"@id\":\"https:\\\/\\\/www.label-blouse.net\\\/blog\\\/#organization\"},\"potentialAction\":[{\"@type\":\"SearchAction\",\"target\":{\"@type\":\"EntryPoint\",\"urlTemplate\":\"https:\\\/\\\/www.label-blouse.net\\\/blog\\\/?s={search_term_string}\"},\"query-input\":{\"@type\":\"PropertyValueSpecification\",\"valueRequired\":true,\"valueName\":\"search_term_string\"}}],\"inLanguage\":\"fr-FR\"},{\"@type\":\"Organization\",\"@id\":\"https:\\\/\\\/www.label-blouse.net\\\/blog\\\/#organization\",\"name\":\"Le Blog Label Blouse\",\"url\":\"https:\\\/\\\/www.label-blouse.net\\\/blog\\\/\",\"logo\":{\"@type\":\"ImageObject\",\"inLanguage\":\"fr-FR\",\"@id\":\"https:\\\/\\\/www.label-blouse.net\\\/blog\\\/#\\\/schema\\\/logo\\\/image\\\/\",\"url\":\"https:\\\/\\\/www.label-blouse.net\\\/blog\\\/wp-content\\\/uploads\\\/2021\\\/07\\\/cropped-cropped-cropped-cropped-cropped-vetement-travail-logo-label-1-1.png\",\"contentUrl\":\"https:\\\/\\\/www.label-blouse.net\\\/blog\\\/wp-content\\\/uploads\\\/2021\\\/07\\\/cropped-cropped-cropped-cropped-cropped-vetement-travail-logo-label-1-1.png\",\"width\":270,\"height\":46,\"caption\":\"Le Blog Label Blouse\"},\"image\":{\"@id\":\"https:\\\/\\\/www.label-blouse.net\\\/blog\\\/#\\\/schema\\\/logo\\\/image\\\/\"}}]}<\/script>\n<!-- \/ Yoast SEO plugin. -->","yoast_head_json":{"title":"A propos - Le Blog Label Blouse","description":"Label Blouse, sp\u00e9cialiste du v\u00eatement de travail pour particuliers et professionnels depuis 1991. Broderie made in France, tarif d\u00e9gressif.","robots":{"index":"index","follow":"follow","max-snippet":"max-snippet:-1","max-image-preview":"max-image-preview:large","max-video-preview":"max-video-preview:-1"},"canonical":"https:\/\/www.label-blouse.net\/blog\/a-propos\/","og_locale":"fr_FR","og_type":"article","og_title":"A propos - Le Blog Label Blouse","og_description":"Label Blouse, sp\u00e9cialiste du v\u00eatement de travail pour particuliers et professionnels depuis 1991. Broderie made in France, tarif d\u00e9gressif.","og_url":"https:\/\/www.label-blouse.net\/blog\/a-propos\/","og_site_name":"Le Blog Label Blouse","article_modified_time":"2021-07-21T11:48:54+00:00","twitter_card":"summary_large_image","twitter_misc":{"Dur\u00e9e de lecture estim\u00e9e":"1 minute"},"schema":{"@context":"https:\/\/schema.org","@graph":[{"@type":"WebPage","@id":"https:\/\/www.label-blouse.net\/blog\/a-propos\/","url":"https:\/\/www.label-blouse.net\/blog\/a-propos\/","name":"A propos - Le Blog Label Blouse","isPartOf":{"@id":"https:\/\/www.label-blouse.net\/blog\/#website"},"datePublished":"2021-07-16T16:39:56+00:00","dateModified":"2021-07-21T11:48:54+00:00","description":"Label Blouse, sp\u00e9cialiste du v\u00eatement de travail pour particuliers et professionnels depuis 1991. Broderie made in France, tarif d\u00e9gressif.","breadcrumb":{"@id":"https:\/\/www.label-blouse.net\/blog\/a-propos\/#breadcrumb"},"inLanguage":"fr-FR","potentialAction":[{"@type":"ReadAction","target":["https:\/\/www.label-blouse.net\/blog\/a-propos\/"]}]},{"@type":"BreadcrumbList","@id":"https:\/\/www.label-blouse.net\/blog\/a-propos\/#breadcrumb","itemListElement":[{"@type":"ListItem","position":1,"name":"Accueil","item":"https:\/\/www.label-blouse.net\/blog\/"},{"@type":"ListItem","position":2,"name":"A propos"}]},{"@type":"WebSite","@id":"https:\/\/www.label-blouse.net\/blog\/#website","url":"https:\/\/www.label-blouse.net\/blog\/","name":"Le Blog Label Blouse","description":"Des v\u00eatements de professionnel, pour les professionnels","publisher":{"@id":"https:\/\/www.label-blouse.net\/blog\/#organization"},"potentialAction":[{"@type":"SearchAction","target":{"@type":"EntryPoint","urlTemplate":"https:\/\/www.label-blouse.net\/blog\/?s={search_term_string}"},"query-input":{"@type":"PropertyValueSpecification","valueRequired":true,"valueName":"search_term_string"}}],"inLanguage":"fr-FR"},{"@type":"Organization","@id":"https:\/\/www.label-blouse.net\/blog\/#organization","name":"Le Blog Label Blouse","url":"https:\/\/www.label-blouse.net\/blog\/","logo":{"@type":"ImageObject","inLanguage":"fr-FR","@id":"https:\/\/www.label-blouse.net\/blog\/#\/schema\/logo\/image\/","url":"https:\/\/www.label-blouse.net\/blog\/wp-content\/uploads\/2021\/07\/cropped-cropped-cropped-cropped-cropped-vetement-travail-logo-label-1-1.png","contentUrl":"https:\/\/www.label-blouse.net\/blog\/wp-content\/uploads\/2021\/07\/cropped-cropped-cropped-cropped-cropped-vetement-travail-logo-label-1-1.png","width":270,"height":46,"caption":"Le Blog Label Blouse"},"image":{"@id":"https:\/\/www.label-blouse.net\/blog\/#\/schema\/logo\/image\/"}}]}},"_links":{"self":[{"href":"https:\/\/www.label-blouse.net\/blog\/wp-json\/wp\/v2\/pages\/159","targetHints":{"allow":["GET"]}}],"collection":[{"href":"https:\/\/www.label-blouse.net\/blog\/wp-json\/wp\/v2\/pages"}],"about":[{"href":"https:\/\/www.label-blouse.net\/blog\/wp-json\/wp\/v2\/types\/page"}],"author":[{"embeddable":true,"href":"https:\/\/www.label-blouse.net\/blog\/wp-json\/wp\/v2\/users\/1"}],"replies":[{"embeddable":true,"href":"https:\/\/www.label-blouse.net\/blog\/wp-json\/wp\/v2\/comments?post=159"}],"version-history":[{"count":5,"href":"https:\/\/www.label-blouse.net\/blog\/wp-json\/wp\/v2\/pages\/159\/revisions"}],"predecessor-version":[{"id":255,"href":"https:\/\/www.label-blouse.net\/blog\/wp-json\/wp\/v2\/pages\/159\/revisions\/255"}],"wp:attachment":[{"href":"https:\/\/www.label-blouse.net\/blog\/wp-json\/wp\/v2\/media?parent=159"}],"curies":[{"name":"wp","href":"https:\/\/api.w.org\/{rel}","templated":true}]}}